{"id":14,"date":"2026-03-09T13:08:18","date_gmt":"2026-03-09T13:08:18","guid":{"rendered":"https:\/\/rightontime.glimnet.nu\/?page_id=14"},"modified":"2026-03-23T22:05:48","modified_gmt":"2026-03-23T22:05:48","slug":"om-oss","status":"publish","type":"page","link":"https:\/\/rightontime.glimnet.nu\/index.php\/om-oss\/","title":{"rendered":"Om oss"},"content":{"rendered":"\n<h2 class=\"wp-block-heading has-text-align-center has-x-large-font-size\">De som aldrig l\u00e5ter dig v\u00e4nta<\/h2>\n\n\n\n<figure class=\"wp-block-image size-large is-resized\"><img loading=\"lazy\" decoding=\"async\" width=\"1024\" height=\"400\" src=\"https:\/\/rightontime.glimnet.nu\/wp-content\/uploads\/2026\/03\/Gemini_Generated_Image_l0abuvl0abuvl0ab-1024x400.png\" alt=\"\" class=\"wp-image-41\" style=\"width:1160px\" srcset=\"https:\/\/rightontime.glimnet.nu\/wp-content\/uploads\/2026\/03\/Gemini_Generated_Image_l0abuvl0abuvl0ab-1024x400.png 1024w, https:\/\/rightontime.glimnet.nu\/wp-content\/uploads\/2026\/03\/Gemini_Generated_Image_l0abuvl0abuvl0ab-300x117.png 300w, https:\/\/rightontime.glimnet.nu\/wp-content\/uploads\/2026\/03\/Gemini_Generated_Image_l0abuvl0abuvl0ab-768x300.png 768w, https:\/\/rightontime.glimnet.nu\/wp-content\/uploads\/2026\/03\/Gemini_Generated_Image_l0abuvl0abuvl0ab-1536x599.png 1536w, https:\/\/rightontime.glimnet.nu\/wp-content\/uploads\/2026\/03\/Gemini_Generated_Image_l0abuvl0abuvl0ab.png 1640w\" sizes=\"auto, (max-width: 1024px) 100vw, 1024px\" \/><\/figure>\n\n\n\n<p style=\"font-size:25px;font-style:normal;font-weight:600\">Vi ska vara \u00e4rliga: Vi p\u00e5\u00a0Right on Time\u00a0har aldrig varit sena. Inte en enda g\u00e5ng. Vi f\u00f6ddes f\u00f6rmodligen tre minuter f\u00f6re utsatt tid, bara f\u00f6r att hinna bekanta oss med rummet innan det blev allvar.<\/p>\n\n\n\n<p class=\"has-text-align-center\" style=\"font-size:25px;font-style:normal;font-weight:600\">F\u00f6retaget grundades av en grupp individer som fick nog. Efter att ha spenderat sammanlagt 4,2 \u00e5r av v\u00e5ra liv med att stirra p\u00e5 kalla kaffekoppar, v\u00e4nta i tomma zoom-rum och lyssna p\u00e5 kreativa urs\u00e4kter om \u201dinst\u00e4llda t\u00e5g\u201d (vi kollade appen, t\u00e5get gick visst), best\u00e4mde vi oss f\u00f6r att agera.<\/p>\n\n\n\n<p class=\"has-text-align-center\" style=\"font-size:25px;font-style:normal;font-weight:700\">V\u00e5r filosofi: Din tid \u00e4r min tid<\/p>\n\n\n\n<p class=\"has-text-align-center\" style=\"font-size:25px;font-style:normal;font-weight:600\">Vi tror inte p\u00e5 \u201dakademiska kvartar\u201d eller att \u201ddyka upp n\u00e4r man k\u00e4nner f\u00f6r det\u201d. Vi tror p\u00e5 att 09:00 betyder 08:55.<\/p>\n\n\n\n<p class=\"has-text-align-center\" style=\"font-size:25px;font-style:normal;font-weight:600\">Vi grundade&nbsp;Right on Time&nbsp;f\u00f6r att vi v\u00e4rderar v\u00e5r egen tid extremt h\u00f6gt. Varje minut vi tvingas v\u00e4nta p\u00e5 dig \u00e4r en minut vi inte f\u00e5r tillbaka. D\u00e4rf\u00f6r har vi kanaliserat v\u00e5r frustration till att skapa de mest effektiva (och, om vi ska vara \u00e4rliga, mest skoningsl\u00f6sa) verktygen f\u00f6r att tvinga in dig i tidsmatrisen.<\/p>\n\n\n\n<p class=\"has-text-align-center\" style=\"font-size:25px;font-style:normal;font-weight:700\">Varf\u00f6r vi g\u00f6r detta<\/p>\n\n\n\n<p class=\"has-text-align-center\" style=\"font-size:25px;font-style:normal;font-weight:600\">Det handlar inte bara om ordning och reda. Det handlar om respekt.<\/p>\n\n\n\n<ul class=\"wp-block-list\">\n<li style=\"font-size:25px;font-style:normal;font-weight:600\">Vi \u00e4r experterna:&nbsp;Vi vet exakt hur l\u00e5ng tid det tar att knyta skorna (14 sekunder).<\/li>\n\n\n\n<li style=\"font-size:25px;font-style:normal;font-weight:600\">Vi \u00e4r tr\u00f6tta:&nbsp;Vi har slutat k\u00f6pa argumentet att \u201dtiden bara rann iv\u00e4g\u201d. Tiden rinner ingenstans, den m\u00e4ts i sekunder och vi har kontroll \u00f6ver varenda en.<\/li>\n\n\n\n<li style=\"font-size:25px;font-style:normal;font-weight:600\">Vi \u00e4r din sista utv\u00e4g:&nbsp;Om du inte kan respektera din egen tid, kommer vi se till att du i alla fall respekterar v\u00e5r.<\/li>\n<\/ul>\n\n\n\n<h3 class=\"wp-block-heading has-text-align-center\" style=\"font-size:25px\">M\u00f6t kontrollanterna bakom klockan<\/h3>\n\n\n\n<p class=\"has-text-align-center\" style=\"font-size:25px;font-style:normal;font-weight:600\">V\u00e5ra grundare har bakgrund inom extrem logistik, schweizisk urmakarkonst och elitidrott d\u00e4r tusendelar avg\u00f6r allt. Vi lever som vi l\u00e4r: v\u00e5ra interna m\u00f6ten b\u00f6rjar p\u00e5 sekunden, och om du blinkar under introduktionen har du redan missat agendan.<br>Vi hj\u00e4lper dig inte f\u00f6r att vi tycker synd om dig. Vi hj\u00e4lper dig f\u00f6r att vi vill att v\u00e4rlden ska sluta sl\u00f6sa p\u00e5 v\u00e5r dyrbara tid.<\/p>\n\n\n\n<hr class=\"wp-block-separator has-alpha-channel-opacity\"\/>\n\n\n\n<p class=\"has-text-align-center\" style=\"font-size:25px;font-style:normal;font-weight:600\"><em>&#8221;V\u00e4rlden v\u00e4ntar inte p\u00e5 n\u00e5gon. S\u00e4rskilt inte p\u00e5 oss.&#8221;<\/em> &gt; \u2013 Grundarna av Right on Time<\/p>\n","protected":false},"excerpt":{"rendered":"<p>De som aldrig l\u00e5ter dig v\u00e4nta Vi ska vara \u00e4rliga: Vi p\u00e5\u00a0Right on Time\u00a0har aldrig varit sena. Inte en enda g\u00e5ng. Vi f\u00f6ddes f\u00f6rmodligen tre minuter f\u00f6re utsatt tid, bara f\u00f6r att hinna bekanta oss med rummet innan det blev allvar. F\u00f6retaget grundades av en grupp individer som fick nog. Efter att ha spenderat sammanlagt [&hellip;]<\/p>\n","protected":false},"author":3,"featured_media":0,"parent":0,"menu_order":0,"comment_status":"closed","ping_status":"closed","template":"template-about-us.php","meta":{"_acf_changed":false,"footnotes":""},"class_list":["post-14","page","type-page","status-publish","hentry"],"acf":[],"_links":{"self":[{"href":"https:\/\/rightontime.glimnet.nu\/index.php\/wp-json\/wp\/v2\/pages\/14","targetHints":{"allow":["GET"]}}],"collection":[{"href":"https:\/\/rightontime.glimnet.nu\/index.php\/wp-json\/wp\/v2\/pages"}],"about":[{"href":"https:\/\/rightontime.glimnet.nu\/index.php\/wp-json\/wp\/v2\/types\/page"}],"author":[{"embeddable":true,"href":"https:\/\/rightontime.glimnet.nu\/index.php\/wp-json\/wp\/v2\/users\/3"}],"replies":[{"embeddable":true,"href":"https:\/\/rightontime.glimnet.nu\/index.php\/wp-json\/wp\/v2\/comments?post=14"}],"version-history":[{"count":10,"href":"https:\/\/rightontime.glimnet.nu\/index.php\/wp-json\/wp\/v2\/pages\/14\/revisions"}],"predecessor-version":[{"id":221,"href":"https:\/\/rightontime.glimnet.nu\/index.php\/wp-json\/wp\/v2\/pages\/14\/revisions\/221"}],"wp:attachment":[{"href":"https:\/\/rightontime.glimnet.nu\/index.php\/wp-json\/wp\/v2\/media?parent=14"}],"curies":[{"name":"wp","href":"https:\/\/api.w.org\/{rel}","templated":true}]}}