{"id":2,"date":"2026-03-09T10:45:27","date_gmt":"2026-03-09T10:45:27","guid":{"rendered":"https:\/\/rightontime.glimnet.nu\/?page_id=2"},"modified":"2026-03-26T09:14:19","modified_gmt":"2026-03-26T09:14:19","slug":"startsida","status":"publish","type":"page","link":"https:\/\/rightontime.glimnet.nu\/","title":{"rendered":"RightOnTime"},"content":{"rendered":"\n<p class=\"has-text-align-center\" style=\"font-size:25px;font-style:normal;font-weight:600\"><em>-Vi hj\u00e4lper kroniskt sena personer att komma i tid.<\/em><\/p>\n\n\n\n<p class=\"has-text-align-center\" style=\"font-size:25px;font-style:normal;font-weight:700\">\u00c4r du en person som alltid \u00e4r \u201csnart framme\u201d<br>(fast du egentligen precis g\u00e5tt ur duschen)?<\/p>\n\n\n\n<p class=\"has-text-align-center\" style=\"font-size:25px;font-style:normal;font-weight:500\">Har du n\u00e5gonsin skickat ett sms d\u00e4r det st\u00e5r \u201dJag \u00e4r d\u00e4r om tv\u00e5 minuter!\u201d samtidigt som du febrilt letar efter din v\u00e4nstra sko? V\u00e4lkommen hem. Eller ja, v\u00e4lkommen hit \u2013 vi vet ju att du f\u00f6rmodligen \u00e4r lite sen till det h\u00e4r bes\u00f6ket ocks\u00e5.<\/p>\n\n\n\n<p class=\"has-text-align-center\" style=\"font-size:25px;font-style:normal;font-weight:500\">P\u00e5&nbsp;Right on Time&nbsp;d\u00f6mer vi ingen. Vi vet att v\u00e4rlden \u00e4r full av sp\u00e4nnande distraktioner, tidsoptimism och klockor som p\u00e5 of\u00f6rklarliga s\u00e4tt g\u00e5r snabbare \u00e4n de borde. Vi vet ocks\u00e5 att \u201dbara en sak till\u201d s\u00e4llan tar bara en sekund.<\/p>\n\n\n\n<p class=\"has-text-align-center\" style=\"font-size:25px\"><strong>Vad vi g\u00f6r f\u00f6r dig<\/strong><\/p>\n\n\n\n<p class=\"has-text-align-center\" style=\"font-size:25px;font-style:normal;font-weight:500\">Vi s\u00e4ljer inte bara klockor eller kalendrar; vi s\u00e4ljer&nbsp;sinnesro och en gnutta magi. Genom v\u00e5ra skr\u00e4ddarsydda tj\u00e4nster hj\u00e4lper vi kroniska tidsoptimister att navigera i en v\u00e4rld som envisas med att b\u00f6rja m\u00f6ten precis n\u00e4r de st\u00e5r p\u00e5 schemat.<\/p>\n\n\n\n<ul style=\"font-style:normal;font-weight:500\" class=\"wp-block-list\">\n<li style=\"font-size:25px\">Tidsrealism-coachning:\u00a0F\u00f6r dig som tror att en biltur p\u00e5 20 minuter tar 5 minuter \u201dom det \u00e4r gr\u00f6nt ljus hela v\u00e4gen\u201d.<\/li>\n\n\n\n<li style=\"font-size:25px\">Akut-st\u00f6d:\u00a0Vi ringer och p\u00e5minner dig n\u00e4r det \u00e4r dags att sluta scrolla och faktiskt b\u00f6rja kl\u00e4 p\u00e5 dig.<\/li>\n\n\n\n<li style=\"font-size:25px\">Strategisk buffertplanering:\u00a0Vi l\u00e4r dig konsten att lura dig sj\u00e4lv att m\u00f6tet b\u00f6rjar en kvart tidigare \u00e4n det faktiskt g\u00f6r.<\/li>\n<\/ul>\n\n\n\n<p class=\"has-text-align-center\" style=\"font-size:25px;font-style:normal;font-weight:500\">L\u00e5t oss hj\u00e4lpa dig att bli personen som tar en lugn kaffe i lobbyn ist\u00e4llet f\u00f6r personen som kommer inspringande med andan i halsen och tr\u00f6jan ut-och-in<\/p>\n\n\n\n<p class=\"has-text-align-center\" style=\"font-size:25px;font-style:normal;font-weight:500\"><strong>Vi ses n\u00e4r vi ses (men helst p\u00e5 utsatt tid)!<\/strong><\/p>\n","protected":false},"excerpt":{"rendered":"<p>-Vi hj\u00e4lper kroniskt sena personer att komma i tid. \u00c4r du en person som alltid \u00e4r \u201csnart framme\u201d(fast du egentligen precis g\u00e5tt ur duschen)? Har du n\u00e5gonsin skickat ett sms d\u00e4r det st\u00e5r \u201dJag \u00e4r d\u00e4r om tv\u00e5 minuter!\u201d samtidigt som du febrilt letar efter din v\u00e4nstra sko? V\u00e4lkommen hem. Eller ja, v\u00e4lkommen hit \u2013 [&hellip;]<\/p>\n","protected":false},"author":1,"featured_media":80,"parent":0,"menu_order":0,"comment_status":"closed","ping_status":"open","template":"template-home.php","meta":{"_acf_changed":false,"footnotes":""},"class_list":["post-2","page","type-page","status-publish","has-post-thumbnail","hentry"],"acf":[],"_links":{"self":[{"href":"https:\/\/rightontime.glimnet.nu\/index.php\/wp-json\/wp\/v2\/pages\/2","targetHints":{"allow":["GET"]}}],"collection":[{"href":"https:\/\/rightontime.glimnet.nu\/index.php\/wp-json\/wp\/v2\/pages"}],"about":[{"href":"https:\/\/rightontime.glimnet.nu\/index.php\/wp-json\/wp\/v2\/types\/page"}],"author":[{"embeddable":true,"href":"https:\/\/rightontime.glimnet.nu\/index.php\/wp-json\/wp\/v2\/users\/1"}],"replies":[{"embeddable":true,"href":"https:\/\/rightontime.glimnet.nu\/index.php\/wp-json\/wp\/v2\/comments?post=2"}],"version-history":[{"count":30,"href":"https:\/\/rightontime.glimnet.nu\/index.php\/wp-json\/wp\/v2\/pages\/2\/revisions"}],"predecessor-version":[{"id":253,"href":"https:\/\/rightontime.glimnet.nu\/index.php\/wp-json\/wp\/v2\/pages\/2\/revisions\/253"}],"wp:featuredmedia":[{"embeddable":true,"href":"https:\/\/rightontime.glimnet.nu\/index.php\/wp-json\/wp\/v2\/media\/80"}],"wp:attachment":[{"href":"https:\/\/rightontime.glimnet.nu\/index.php\/wp-json\/wp\/v2\/media?parent=2"}],"curies":[{"name":"wp","href":"https:\/\/api.w.org\/{rel}","templated":true}]}}